{"id":1708,"date":"2025-05-15T02:11:24","date_gmt":"2025-05-14T23:11:24","guid":{"rendered":"https:\/\/textiles.aalto.fi\/nn\/?page_id=1708"},"modified":"2025-05-15T02:11:24","modified_gmt":"2025-05-14T23:11:24","slug":"about","status":"publish","type":"page","link":"https:\/\/textiles.aalto.fi\/nn\/about\/","title":{"rendered":"About"},"content":{"rendered":"\n<div class=\"wp-block-columns alignfull is-layout-flex wp-container-core-columns-is-layout-1 wp-block-columns-is-layout-flex\">\n<div class=\"wp-block-column is-layout-flow wp-block-column-is-layout-flow\" style=\"flex-basis:33.33%\">\n<figure class=\"wp-block-image size-large\"><img loading=\"lazy\" decoding=\"async\" width=\"810\" height=\"1080\" src=\"https:\/\/textiles.aalto.fi\/nn\/wp-content\/uploads\/2025\/04\/NN25-ig-04-3-810x1080.jpg\" alt=\"\" class=\"wp-image-166\" srcset=\"https:\/\/textiles.aalto.fi\/nn\/wp-content\/uploads\/2025\/04\/NN25-ig-04-3-810x1080.jpg 810w, https:\/\/textiles.aalto.fi\/nn\/wp-content\/uploads\/2025\/04\/NN25-ig-04-3-384x512.jpg 384w, https:\/\/textiles.aalto.fi\/nn\/wp-content\/uploads\/2025\/04\/NN25-ig-04-3-768x1025.jpg 768w, https:\/\/textiles.aalto.fi\/nn\/wp-content\/uploads\/2025\/04\/NN25-ig-04-3-1151x1536.jpg 1151w, https:\/\/textiles.aalto.fi\/nn\/wp-content\/uploads\/2025\/04\/NN25-ig-04-3-1535x2048.jpg 1535w, https:\/\/textiles.aalto.fi\/nn\/wp-content\/uploads\/2025\/04\/NN25-ig-04-3-scaled.jpg 1919w\" sizes=\"auto, (max-width: 810px) 100vw, 810px\" \/><\/figure>\n<\/div>\n\n\n\n<div class=\"wp-block-column is-vertically-aligned-center is-layout-flow wp-block-column-is-layout-flow\" style=\"flex-basis:50%\">\n<p><strong>N\u00e4yt\u00f6s25 \/ N\u00e4yttely25 <\/strong>is the annual graduate fashion show and exhibition of BA and MA fashion and textile design students at Aalto University School of Arts, Design and Architecture.<\/p>\n\n\n\n<p><strong>N\u00e4yt\u00f6s25 show <\/strong>will be streamed LIVE on @aalto_fashion Instagram 22.5. at 20:30 GMT+3.<\/p>\n\n\n\n<p><strong>N\u00e4yttely25 exhibition<\/strong> is open: 16.5.-31.5.2025<\/p>\n\n\n\n<p>Opening hours:<br>Mon-Fri 10\u201320<br>Sat 10\u201317<br>Sun closed<\/p>\n\n\n\n<p>Exceptions:<br>Wed 21.5. 10\u201317<br>Thu 22.5. 10\u201318<br>Tue 27.5. 10\u201317<br>Thu 29.5. closed<\/p>\n\n\n\n<p>Location: Aalto University Otaniemi campus, V\u00e4re building, Otaniementie 14, Espoo.<\/p>\n<\/div>\n\n\n\n<div class=\"wp-block-column is-layout-flow wp-block-column-is-layout-flow\"><\/div>\n<\/div>\n","protected":false},"excerpt":{"rendered":"<p>N\u00e4yt\u00f6s25 \/ N\u00e4yttely25 is the annual graduate fashion show and exhibition of BA and MA fashion and textile design students at Aalto University School of Arts, Design and Architecture. N\u00e4yt\u00f6s25 show will be streamed LIVE on @aalto_fashion Instagram 22.5. at 20:30 GMT+3. N\u00e4yttely25 exhibition is open: 16.5.-31.5.2025 Opening hours:Mon-Fri 10\u201320Sat 10\u201317Sun closed Exceptions:Wed 21.5. 10\u201317Thu [&hellip;]<\/p>\n","protected":false},"author":4,"featured_media":0,"parent":0,"menu_order":0,"comment_status":"closed","ping_status":"closed","template":"","meta":{"footnotes":""},"tags":[],"class_list":["post-1708","page","type-page","status-publish","hentry"],"_links":{"self":[{"href":"https:\/\/textiles.aalto.fi\/nn\/wp-json\/wp\/v2\/pages\/1708","targetHints":{"allow":["GET"]}}],"collection":[{"href":"https:\/\/textiles.aalto.fi\/nn\/wp-json\/wp\/v2\/pages"}],"about":[{"href":"https:\/\/textiles.aalto.fi\/nn\/wp-json\/wp\/v2\/types\/page"}],"author":[{"embeddable":true,"href":"https:\/\/textiles.aalto.fi\/nn\/wp-json\/wp\/v2\/users\/4"}],"replies":[{"embeddable":true,"href":"https:\/\/textiles.aalto.fi\/nn\/wp-json\/wp\/v2\/comments?post=1708"}],"version-history":[{"count":3,"href":"https:\/\/textiles.aalto.fi\/nn\/wp-json\/wp\/v2\/pages\/1708\/revisions"}],"predecessor-version":[{"id":1713,"href":"https:\/\/textiles.aalto.fi\/nn\/wp-json\/wp\/v2\/pages\/1708\/revisions\/1713"}],"wp:attachment":[{"href":"https:\/\/textiles.aalto.fi\/nn\/wp-json\/wp\/v2\/media?parent=1708"}],"wp:term":[{"taxonomy":"post_tag","embeddable":true,"href":"https:\/\/textiles.aalto.fi\/nn\/wp-json\/wp\/v2\/tags?post=1708"}],"curies":[{"name":"wp","href":"https:\/\/api.w.org\/{rel}","templated":true}]}}